{"id":23,"date":"2025-08-07T04:53:43","date_gmt":"2025-08-07T04:53:43","guid":{"rendered":"https:\/\/swedishbeauty.ro\/?page_id=23"},"modified":"2025-12-17T01:20:29","modified_gmt":"2025-12-17T01:20:29","slug":"despre-mine","status":"publish","type":"page","link":"https:\/\/swedishbeauty.ro\/index.php\/despre-mine\/","title":{"rendered":"Despre Mine"},"content":{"rendered":"\t\t<div data-elementor-type=\"wp-page\" data-elementor-id=\"23\" class=\"elementor elementor-23\" data-elementor-post-type=\"page\">\n\t\t\t\t\t\t<section class=\"elementor-section elementor-top-section elementor-element elementor-element-f30645e elementor-section-boxed elementor-section-height-default elementor-section-height-default\" data-id=\"f30645e\" data-element_type=\"section\" data-settings=\"{&quot;background_background&quot;:&quot;classic&quot;}\">\n\t\t\t\t\t\t<div class=\"elementor-container elementor-column-gap-default\">\n\t\t\t\t\t<div class=\"elementor-column elementor-col-100 elementor-top-column elementor-element elementor-element-fa79be4 animated-slow elementor-invisible\" data-id=\"fa79be4\" data-element_type=\"column\" data-settings=\"{&quot;background_background&quot;:&quot;classic&quot;,&quot;motion_fx_motion_fx_scrolling&quot;:&quot;yes&quot;,&quot;animation&quot;:&quot;slideInLeft&quot;,&quot;motion_fx_devices&quot;:[&quot;desktop&quot;,&quot;tablet&quot;,&quot;mobile&quot;]}\">\n\t\t\t<div class=\"elementor-widget-wrap elementor-element-populated\">\n\t\t\t\t\t\t<div class=\"elementor-element elementor-element-6f70b0c elementor-widget elementor-widget-menu-anchor\" data-id=\"6f70b0c\" data-element_type=\"widget\" data-widget_type=\"menu-anchor.default\">\n\t\t\t\t<div class=\"elementor-widget-container\">\n\t\t\t\t\t\t\t<div class=\"elementor-menu-anchor\" id=\"despre\"><\/div>\n\t\t\t\t\t\t<\/div>\n\t\t\t\t<\/div>\n\t\t\t\t<section class=\"elementor-section elementor-inner-section elementor-element elementor-element-cbedf4b elementor-section-boxed elementor-section-height-default elementor-section-height-default\" data-id=\"cbedf4b\" data-element_type=\"section\">\n\t\t\t\t\t\t<div class=\"elementor-container elementor-column-gap-default\">\n\t\t\t\t\t<div class=\"elementor-column elementor-col-50 elementor-inner-column elementor-element elementor-element-f87794b\" data-id=\"f87794b\" data-element_type=\"column\">\n\t\t\t<div class=\"elementor-widget-wrap elementor-element-populated\">\n\t\t\t\t\t\t<div class=\"elementor-element elementor-element-6897c4b elementor-invisible elementor-widget elementor-widget-heading\" data-id=\"6897c4b\" data-element_type=\"widget\" data-settings=\"{&quot;_animation&quot;:&quot;zoomInUp&quot;}\" data-widget_type=\"heading.default\">\n\t\t\t\t<div class=\"elementor-widget-container\">\n\t\t\t\t\t<h2 class=\"elementor-heading-title elementor-size-default\">Petronela Falk\n<\/h2>\t\t\t\t<\/div>\n\t\t\t\t<\/div>\n\t\t\t\t<div class=\"elementor-element elementor-element-af2f867 elementor-widget elementor-widget-text-editor\" data-id=\"af2f867\" data-element_type=\"widget\" data-widget_type=\"text-editor.default\">\n\t\t\t\t<div class=\"elementor-widget-container\">\n\t\t\t\t\t\t\t\t\t<p data-start=\"86\" data-end=\"782\">\u00a0Cu o experien\u021b\u0103 solid\u0103 \u00een domeniul masajului \u0219i \u00eengrijirii, m-am format \u0219i m-am inspirat direct din tradi\u021biile suedeze, recunoscute pentru echilibrul lor \u00eentre simplitate, eficien\u021b\u0103 \u0219i r\u0103sf\u0103\u021b.<\/p><p data-start=\"86\" data-end=\"782\">La Swedish Beauty Studio, combin cuno\u0219tin\u021bele autentice \u0219i tehnicile profesionale cu utilizarea echipamentelor de ultim\u0103 genera\u021bie pentru epilare laser \u0219i tehnici moderne de masaj.<\/p><p data-start=\"86\" data-end=\"782\">M\u0103 specializez permanent, urm\u0103rind s\u0103 fiu la curent cu cele mai noi metode \u0219i tendin\u021be, pentru a oferi fiec\u0103rui client o experien\u021b\u0103 personalizat\u0103 \u0219i de cea mai \u00eenalt\u0103 calitate. \u00cemi dedic munca pentru a crea un echilibru perfect \u00eentre frumuse\u021be \u0219i starea de bine, adapt\u00e2nd fiecare tratament la nevoile moderne ale fiec\u0103ruia.<\/p><p data-start=\"784\" data-end=\"855\">\u00a0<\/p>\t\t\t\t\t\t\t\t<\/div>\n\t\t\t\t<\/div>\n\t\t\t\t<div class=\"elementor-element elementor-element-59263d3 elementor-blockquote--skin-boxed elementor-blockquote--button-color-official elementor-widget elementor-widget-blockquote\" data-id=\"59263d3\" data-element_type=\"widget\" data-widget_type=\"blockquote.default\">\n\t\t\t\t<div class=\"elementor-widget-container\">\n\t\t\t\t\t\t\t<blockquote class=\"elementor-blockquote\">\n\t\t\t<p class=\"elementor-blockquote__content\">\n\t\t\t\t\u201eFiecare clip\u0103 de r\u0103sf\u0103\u021b este un pas spre echilibrul t\u0103u interior.\u201d\t\t\t<\/p>\n\t\t\t\t\t<\/blockquote>\n\t\t\t\t\t\t<\/div>\n\t\t\t\t<\/div>\n\t\t\t\t\t<\/div>\n\t\t<\/div>\n\t\t\t\t<div class=\"elementor-column elementor-col-50 elementor-inner-column elementor-element elementor-element-0006d1e\" data-id=\"0006d1e\" data-element_type=\"column\">\n\t\t\t<div class=\"elementor-widget-wrap elementor-element-populated\">\n\t\t\t\t\t\t<div class=\"elementor-element elementor-element-908ac79 elementor-widget elementor-widget-image\" data-id=\"908ac79\" data-element_type=\"widget\" data-widget_type=\"image.default\">\n\t\t\t\t<div class=\"elementor-widget-container\">\n\t\t\t\t\t\t\t\t\t\t\t\t\t\t\t<img fetchpriority=\"high\" decoding=\"async\" width=\"1536\" height=\"2048\" src=\"https:\/\/swedishbeauty.ro\/wp-content\/uploads\/2025\/08\/WhatsApp-Image-2025-06-29-at-14.12.28_feb8d29c.jpg\" class=\"attachment-full size-full wp-image-4583\" alt=\"\" srcset=\"https:\/\/swedishbeauty.ro\/wp-content\/uploads\/2025\/08\/WhatsApp-Image-2025-06-29-at-14.12.28_feb8d29c.jpg 1536w, https:\/\/swedishbeauty.ro\/wp-content\/uploads\/2025\/08\/WhatsApp-Image-2025-06-29-at-14.12.28_feb8d29c-225x300.jpg 225w, https:\/\/swedishbeauty.ro\/wp-content\/uploads\/2025\/08\/WhatsApp-Image-2025-06-29-at-14.12.28_feb8d29c-768x1024.jpg 768w, https:\/\/swedishbeauty.ro\/wp-content\/uploads\/2025\/08\/WhatsApp-Image-2025-06-29-at-14.12.28_feb8d29c-1152x1536.jpg 1152w\" sizes=\"(max-width: 1536px) 100vw, 1536px\" \/>\t\t\t\t\t\t\t\t\t\t\t\t\t\t\t<\/div>\n\t\t\t\t<\/div>\n\t\t\t\t\t<\/div>\n\t\t<\/div>\n\t\t\t\t\t<\/div>\n\t\t<\/section>\n\t\t\t\t\t<\/div>\n\t\t<\/div>\n\t\t\t\t\t<\/div>\n\t\t<\/section>\n\t\t\t\t<\/div>\n\t\t","protected":false},"excerpt":{"rendered":"<p>Petronela Falk \u00a0Cu o experien\u021b\u0103 solid\u0103 \u00een domeniul masajului \u0219i \u00eengrijirii, m-am format \u0219i m-am inspirat direct din tradi\u021biile suedeze, recunoscute pentru echilibrul lor \u00eentre simplitate, eficien\u021b\u0103 \u0219i r\u0103sf\u0103\u021b. La Swedish Beauty Studio, combin cuno\u0219tin\u021bele autentice \u0219i tehnicile profesionale cu utilizarea echipamentelor de ultim\u0103 genera\u021bie pentru epilare laser \u0219i tehnici moderne de masaj. M\u0103 specializez &hellip;<\/p>\n","protected":false},"author":1,"featured_media":0,"parent":0,"menu_order":0,"comment_status":"closed","ping_status":"closed","template":"","meta":{"footnotes":""},"class_list":["post-23","page","type-page","status-publish","hentry"],"yoast_head":"<!-- This site is optimized with the Yoast SEO plugin v25.3.1 - https:\/\/yoast.com\/wordpress\/plugins\/seo\/ -->\n<title>Despre Mine - Swedish Beauty Studio<\/title>\n<meta name=\"robots\" content=\"index, follow, max-snippet:-1, max-image-preview:large, max-video-preview:-1\" \/>\n<link rel=\"canonical\" href=\"https:\/\/swedishbeauty.ro\/index.php\/despre-mine\/\" \/>\n<meta property=\"og:locale\" content=\"ro_RO\" \/>\n<meta property=\"og:type\" content=\"article\" \/>\n<meta property=\"og:title\" content=\"Despre Mine - Swedish Beauty Studio\" \/>\n<meta property=\"og:description\" content=\"Petronela Falk \u00a0Cu o experien\u021b\u0103 solid\u0103 \u00een domeniul masajului \u0219i \u00eengrijirii, m-am format \u0219i m-am inspirat direct din tradi\u021biile suedeze, recunoscute pentru echilibrul lor \u00eentre simplitate, eficien\u021b\u0103 \u0219i r\u0103sf\u0103\u021b. La Swedish Beauty Studio, combin cuno\u0219tin\u021bele autentice \u0219i tehnicile profesionale cu utilizarea echipamentelor de ultim\u0103 genera\u021bie pentru epilare laser \u0219i tehnici moderne de masaj. M\u0103 specializez &hellip;\" \/>\n<meta property=\"og:url\" content=\"https:\/\/swedishbeauty.ro\/index.php\/despre-mine\/\" \/>\n<meta property=\"og:site_name\" content=\"Swedish Beauty Studio\" \/>\n<meta property=\"article:modified_time\" content=\"2025-12-17T01:20:29+00:00\" \/>\n<meta property=\"og:image\" content=\"https:\/\/swedishbeauty.ro\/wp-content\/uploads\/2025\/08\/WhatsApp-Image-2025-06-29-at-14.12.28_feb8d29c.jpg\" \/>\n\t<meta property=\"og:image:width\" content=\"1536\" \/>\n\t<meta property=\"og:image:height\" content=\"2048\" \/>\n\t<meta property=\"og:image:type\" content=\"image\/jpeg\" \/>\n<meta name=\"twitter:card\" content=\"summary_large_image\" \/>\n<meta name=\"twitter:label1\" content=\"Timp estimat pentru citire\" \/>\n\t<meta name=\"twitter:data1\" content=\"1 minut\" \/>\n<script type=\"application\/ld+json\" class=\"yoast-schema-graph\">{\"@context\":\"https:\/\/schema.org\",\"@graph\":[{\"@type\":\"WebPage\",\"@id\":\"https:\/\/swedishbeauty.ro\/index.php\/despre-mine\/\",\"url\":\"https:\/\/swedishbeauty.ro\/index.php\/despre-mine\/\",\"name\":\"Despre Mine - Swedish Beauty Studio\",\"isPartOf\":{\"@id\":\"https:\/\/swedishbeauty.ro\/#website\"},\"primaryImageOfPage\":{\"@id\":\"https:\/\/swedishbeauty.ro\/index.php\/despre-mine\/#primaryimage\"},\"image\":{\"@id\":\"https:\/\/swedishbeauty.ro\/index.php\/despre-mine\/#primaryimage\"},\"thumbnailUrl\":\"https:\/\/swedishbeauty.ro\/wp-content\/uploads\/2025\/08\/WhatsApp-Image-2025-06-29-at-14.12.28_feb8d29c.jpg\",\"datePublished\":\"2025-08-07T04:53:43+00:00\",\"dateModified\":\"2025-12-17T01:20:29+00:00\",\"breadcrumb\":{\"@id\":\"https:\/\/swedishbeauty.ro\/index.php\/despre-mine\/#breadcrumb\"},\"inLanguage\":\"ro-RO\",\"potentialAction\":[{\"@type\":\"ReadAction\",\"target\":[\"https:\/\/swedishbeauty.ro\/index.php\/despre-mine\/\"]}]},{\"@type\":\"ImageObject\",\"inLanguage\":\"ro-RO\",\"@id\":\"https:\/\/swedishbeauty.ro\/index.php\/despre-mine\/#primaryimage\",\"url\":\"https:\/\/swedishbeauty.ro\/wp-content\/uploads\/2025\/08\/WhatsApp-Image-2025-06-29-at-14.12.28_feb8d29c.jpg\",\"contentUrl\":\"https:\/\/swedishbeauty.ro\/wp-content\/uploads\/2025\/08\/WhatsApp-Image-2025-06-29-at-14.12.28_feb8d29c.jpg\",\"width\":1536,\"height\":2048},{\"@type\":\"BreadcrumbList\",\"@id\":\"https:\/\/swedishbeauty.ro\/index.php\/despre-mine\/#breadcrumb\",\"itemListElement\":[{\"@type\":\"ListItem\",\"position\":1,\"name\":\"Prima pagin\u0103\",\"item\":\"https:\/\/swedishbeauty.ro\/\"},{\"@type\":\"ListItem\",\"position\":2,\"name\":\"Despre Mine\"}]},{\"@type\":\"WebSite\",\"@id\":\"https:\/\/swedishbeauty.ro\/#website\",\"url\":\"https:\/\/swedishbeauty.ro\/\",\"name\":\"Swedish Beauty Studio\",\"description\":\"\",\"publisher\":{\"@id\":\"https:\/\/swedishbeauty.ro\/#organization\"},\"potentialAction\":[{\"@type\":\"SearchAction\",\"target\":{\"@type\":\"EntryPoint\",\"urlTemplate\":\"https:\/\/swedishbeauty.ro\/?s={search_term_string}\"},\"query-input\":{\"@type\":\"PropertyValueSpecification\",\"valueRequired\":true,\"valueName\":\"search_term_string\"}}],\"inLanguage\":\"ro-RO\"},{\"@type\":\"Organization\",\"@id\":\"https:\/\/swedishbeauty.ro\/#organization\",\"name\":\"Swedish Beauty Studio\",\"url\":\"https:\/\/swedishbeauty.ro\/\",\"logo\":{\"@type\":\"ImageObject\",\"inLanguage\":\"ro-RO\",\"@id\":\"https:\/\/swedishbeauty.ro\/#\/schema\/logo\/image\/\",\"url\":\"https:\/\/swedishbeauty.ro\/wp-content\/uploads\/2025\/08\/logo-only.png\",\"contentUrl\":\"https:\/\/swedishbeauty.ro\/wp-content\/uploads\/2025\/08\/logo-only.png\",\"width\":523,\"height\":577,\"caption\":\" Swedish  Beauty Studio\"},\"image\":{\"@id\":\"https:\/\/swedishbeauty.ro\/#\/schema\/logo\/image\/\"}}]}<\/script>\n<!-- \/ Yoast SEO plugin. -->","yoast_head_json":{"title":"Despre Mine - Swedish Beauty Studio","robots":{"index":"index","follow":"follow","max-snippet":"max-snippet:-1","max-image-preview":"max-image-preview:large","max-video-preview":"max-video-preview:-1"},"canonical":"https:\/\/swedishbeauty.ro\/index.php\/despre-mine\/","og_locale":"ro_RO","og_type":"article","og_title":"Despre Mine - Swedish Beauty Studio","og_description":"Petronela Falk \u00a0Cu o experien\u021b\u0103 solid\u0103 \u00een domeniul masajului \u0219i \u00eengrijirii, m-am format \u0219i m-am inspirat direct din tradi\u021biile suedeze, recunoscute pentru echilibrul lor \u00eentre simplitate, eficien\u021b\u0103 \u0219i r\u0103sf\u0103\u021b. La Swedish Beauty Studio, combin cuno\u0219tin\u021bele autentice \u0219i tehnicile profesionale cu utilizarea echipamentelor de ultim\u0103 genera\u021bie pentru epilare laser \u0219i tehnici moderne de masaj. M\u0103 specializez &hellip;","og_url":"https:\/\/swedishbeauty.ro\/index.php\/despre-mine\/","og_site_name":"Swedish Beauty Studio","article_modified_time":"2025-12-17T01:20:29+00:00","og_image":[{"width":1536,"height":2048,"url":"https:\/\/swedishbeauty.ro\/wp-content\/uploads\/2025\/08\/WhatsApp-Image-2025-06-29-at-14.12.28_feb8d29c.jpg","type":"image\/jpeg"}],"twitter_card":"summary_large_image","twitter_misc":{"Timp estimat pentru citire":"1 minut"},"schema":{"@context":"https:\/\/schema.org","@graph":[{"@type":"WebPage","@id":"https:\/\/swedishbeauty.ro\/index.php\/despre-mine\/","url":"https:\/\/swedishbeauty.ro\/index.php\/despre-mine\/","name":"Despre Mine - Swedish Beauty Studio","isPartOf":{"@id":"https:\/\/swedishbeauty.ro\/#website"},"primaryImageOfPage":{"@id":"https:\/\/swedishbeauty.ro\/index.php\/despre-mine\/#primaryimage"},"image":{"@id":"https:\/\/swedishbeauty.ro\/index.php\/despre-mine\/#primaryimage"},"thumbnailUrl":"https:\/\/swedishbeauty.ro\/wp-content\/uploads\/2025\/08\/WhatsApp-Image-2025-06-29-at-14.12.28_feb8d29c.jpg","datePublished":"2025-08-07T04:53:43+00:00","dateModified":"2025-12-17T01:20:29+00:00","breadcrumb":{"@id":"https:\/\/swedishbeauty.ro\/index.php\/despre-mine\/#breadcrumb"},"inLanguage":"ro-RO","potentialAction":[{"@type":"ReadAction","target":["https:\/\/swedishbeauty.ro\/index.php\/despre-mine\/"]}]},{"@type":"ImageObject","inLanguage":"ro-RO","@id":"https:\/\/swedishbeauty.ro\/index.php\/despre-mine\/#primaryimage","url":"https:\/\/swedishbeauty.ro\/wp-content\/uploads\/2025\/08\/WhatsApp-Image-2025-06-29-at-14.12.28_feb8d29c.jpg","contentUrl":"https:\/\/swedishbeauty.ro\/wp-content\/uploads\/2025\/08\/WhatsApp-Image-2025-06-29-at-14.12.28_feb8d29c.jpg","width":1536,"height":2048},{"@type":"BreadcrumbList","@id":"https:\/\/swedishbeauty.ro\/index.php\/despre-mine\/#breadcrumb","itemListElement":[{"@type":"ListItem","position":1,"name":"Prima pagin\u0103","item":"https:\/\/swedishbeauty.ro\/"},{"@type":"ListItem","position":2,"name":"Despre Mine"}]},{"@type":"WebSite","@id":"https:\/\/swedishbeauty.ro\/#website","url":"https:\/\/swedishbeauty.ro\/","name":"Swedish Beauty Studio","description":"","publisher":{"@id":"https:\/\/swedishbeauty.ro\/#organization"},"potentialAction":[{"@type":"SearchAction","target":{"@type":"EntryPoint","urlTemplate":"https:\/\/swedishbeauty.ro\/?s={search_term_string}"},"query-input":{"@type":"PropertyValueSpecification","valueRequired":true,"valueName":"search_term_string"}}],"inLanguage":"ro-RO"},{"@type":"Organization","@id":"https:\/\/swedishbeauty.ro\/#organization","name":"Swedish Beauty Studio","url":"https:\/\/swedishbeauty.ro\/","logo":{"@type":"ImageObject","inLanguage":"ro-RO","@id":"https:\/\/swedishbeauty.ro\/#\/schema\/logo\/image\/","url":"https:\/\/swedishbeauty.ro\/wp-content\/uploads\/2025\/08\/logo-only.png","contentUrl":"https:\/\/swedishbeauty.ro\/wp-content\/uploads\/2025\/08\/logo-only.png","width":523,"height":577,"caption":" Swedish  Beauty Studio"},"image":{"@id":"https:\/\/swedishbeauty.ro\/#\/schema\/logo\/image\/"}}]}},"_links":{"self":[{"href":"https:\/\/swedishbeauty.ro\/index.php\/wp-json\/wp\/v2\/pages\/23","targetHints":{"allow":["GET"]}}],"collection":[{"href":"https:\/\/swedishbeauty.ro\/index.php\/wp-json\/wp\/v2\/pages"}],"about":[{"href":"https:\/\/swedishbeauty.ro\/index.php\/wp-json\/wp\/v2\/types\/page"}],"author":[{"embeddable":true,"href":"https:\/\/swedishbeauty.ro\/index.php\/wp-json\/wp\/v2\/users\/1"}],"replies":[{"embeddable":true,"href":"https:\/\/swedishbeauty.ro\/index.php\/wp-json\/wp\/v2\/comments?post=23"}],"version-history":[{"count":7,"href":"https:\/\/swedishbeauty.ro\/index.php\/wp-json\/wp\/v2\/pages\/23\/revisions"}],"predecessor-version":[{"id":4707,"href":"https:\/\/swedishbeauty.ro\/index.php\/wp-json\/wp\/v2\/pages\/23\/revisions\/4707"}],"wp:attachment":[{"href":"https:\/\/swedishbeauty.ro\/index.php\/wp-json\/wp\/v2\/media?parent=23"}],"curies":[{"name":"wp","href":"https:\/\/api.w.org\/{rel}","templated":true}]}}